{"id":52,"date":"2024-04-16T12:43:19","date_gmt":"2024-04-16T10:43:19","guid":{"rendered":"https:\/\/web.100tificos.top\/?page_id=52"},"modified":"2024-11-26T08:46:46","modified_gmt":"2024-11-26T07:46:46","slug":"eso","status":"publish","type":"page","link":"https:\/\/web.100tificos.top\/index.php\/eso\/","title":{"rendered":"ESO"},"content":{"rendered":"<div id=\"pl-52\"  class=\"panel-layout\" ><div id=\"pg-52-0\"  class=\"panel-grid panel-has-style\" ><div class=\"siteorigin-panels-stretch panel-row-style panel-row-style-for-52-0\" data-stretch-type=\"full-width-stretch\" ><div id=\"pgc-52-0-0\"  class=\"panel-grid-cell\" ><div id=\"panel-52-0-0-0\" class=\"so-panel widget widget_sow-hero panel-first-child panel-last-child\" data-index=\"0\" ><div\n\t\t\t\n\t\t\tclass=\"so-widget-sow-hero so-widget-sow-hero-default-409a1e62140c-52 so-widget-fittext-wrapper\"\n\t\t\t data-fit-text-compressor=\"1.25\"\n\t\t>\t\t\t\t<div class=\"sow-slider-base\" style=\"display: none\" tabindex=\"0\">\n\t\t\t\t\t<ul\n\t\t\t\t\tclass=\"sow-slider-images\"\n\t\t\t\t\tdata-settings=\"{&quot;pagination&quot;:true,&quot;speed&quot;:800,&quot;timeout&quot;:8000,&quot;paused&quot;:false,&quot;pause_on_hover&quot;:false,&quot;swipe&quot;:true,&quot;nav_always_show_desktop&quot;:&quot;&quot;,&quot;nav_always_show_mobile&quot;:&quot;&quot;,&quot;breakpoint&quot;:&quot;780px&quot;,&quot;unmute&quot;:false,&quot;anchor&quot;:null}\"\n\t\t\t\t\tstyle=\"min-height: 480px\"\t\t\t\t\tdata-anchor-id=\"\"\n\t\t\t\t>\t\t<li class=\"sow-slider-image  sow-slider-image-cover\" style=\"visibility: visible;;background-color: #222222\" >\n\t\t\t\t\t<div class=\"sow-slider-image-container\">\n\t\t\t<div class=\"sow-slider-image-wrapper\">\n\t\t\t\t<h2 style=\"text-align: center\">REFUERZO ESCOLAR DE <span style=\"color: #ff9900\">ESO<\/span><\/h2>\n<p style=\"text-align: center\">\n<\/p>\t\t\t<\/div>\n\t\t<\/div>\n\t\t<div class=\"sow-slider-image-overlay sow-slider-image-cover\" style=\"opacity: 0.35;background-image: url(https:\/\/demo.siteorigin.com\/corp\/files\/2019\/05\/business-consulting.jpg)\"  ><\/div>\t\t<\/li>\n\t\t<\/ul>\t\t\t\t<ol class=\"sow-slider-pagination\">\n\t\t\t\t\t\t\t\t\t\t\t<li><a href=\"#\" data-goto=\"0\" aria-label=\"mostrar diapositiva 1\"><\/a><\/li>\n\t\t\t\t\t\t\t\t\t<\/ol>\n\n\t\t\t\t<div class=\"sow-slide-nav sow-slide-nav-next\">\n\t\t\t\t\t<a href=\"#\" data-goto=\"next\" aria-label=\"diapositiva siguiente\" data-action=\"next\">\n\t\t\t\t\t\t<em class=\"sow-sld-icon-thin-right\"><\/em>\n\t\t\t\t\t<\/a>\n\t\t\t\t<\/div>\n\n\t\t\t\t<div class=\"sow-slide-nav sow-slide-nav-prev\">\n\t\t\t\t\t<a href=\"#\" data-goto=\"previous\" aria-label=\"diapositiva anterior\" data-action=\"prev\">\n\t\t\t\t\t\t<em class=\"sow-sld-icon-thin-left\"><\/em>\n\t\t\t\t\t<\/a>\n\t\t\t\t<\/div>\n\t\t\t\t<\/div><\/div><\/div><\/div><\/div><\/div><div id=\"pg-52-1\"  class=\"panel-grid panel-has-style\" ><div class=\"siteorigin-panels-stretch panel-row-style panel-row-style-for-52-1\" data-stretch-type=\"full\" ><div id=\"pgc-52-1-0\"  class=\"panel-grid-cell\" ><div id=\"panel-52-1-0-0\" class=\"so-panel widget widget_sow-headline panel-first-child\" data-index=\"1\" ><div class=\"panel-widget-style panel-widget-style-for-52-1-0-0\" ><div\n\t\t\t\n\t\t\tclass=\"so-widget-sow-headline so-widget-sow-headline-default-710745ef64b2-52 so-widget-fittext-wrapper\"\n\t\t\t data-fit-text-compressor=\"0.85\"\n\t\t><div class=\"sow-headline-container \">\n\t\t\t\t\t\t\t<h2 class=\"sow-headline\">\n\t\t\t\t\t\t<b style=\"color: ORANGE\">QU\u00c9 <\/b>OFRECEMOS EN EL CURSO ...\t\t\t\t\t\t<\/h2>\n\t\t\t\t\t\t<\/div>\n<\/div><\/div><\/div><div id=\"panel-52-1-0-1\" class=\"so-panel widget widget_sow-features panel-last-child\" data-index=\"2\" ><div class=\"panel-widget-style panel-widget-style-for-52-1-0-1\" ><div\n\t\t\t\n\t\t\tclass=\"so-widget-sow-features so-widget-sow-features-default-ac8705aed0d2-52\"\n\t\t\t\n\t\t><ul\n\tclass=\"sow-features-list\n\tsow-features-responsive\">\n\n\t\t\t<li\n\t\t\tclass=\"sow-features-feature sow-icon-container-position-top\"\n\t\t\tstyle=\"display: flex; flex-direction: column; width: calc(33.333% - 25px);\"\n\t\t>\n\t\t\t\n\t\t\t\t\t\t<div\t\t\t\tclass=\"sow-icon-container sow-container-rounded-sticker\"\n\t\t\t\tstyle=\"color: #404040; \"\n\t\t\t\ttitle=\"CLASES GRUPALES\"\n\t\t\t\t\t\t\t>\n\t\t\t\t<span class=\"sow-icon-materialicons sowm-regular\" data-sow-icon=\"&#xe7fc\"\n\t\tstyle=\"font-size: 65px; color: #dd9933\" \n\t\taria-hidden=\"true\"><\/span>\t\t\t<\/div>\n\n\t\t\t<div class=\"textwidget\">\n\t\t\t\t\n\t\t\t\t\t\t\t\t\t<h5 class=\"sow-features-feature-title\">\n\t\t\t\t\t\tCLASES GRUPALES\t\t\t\t\t<\/h5>\n\t\t\t\t\n\t\t\t\t\t\t\t\t\t<div class=\"sow-features-feature-text\">\n\t\t\t\t\t<p>Apoyo con los deberes, resoluci\u00f3n de dudas, explicaciones<\/p>\n\t\t\t\t\t<\/div>\n\t\t\t\t\t\t\t\t<\/div>\n\t\t\t\t\t\t\t\t<\/li>\n\n\t\t\t<li\n\t\t\tclass=\"sow-features-feature sow-icon-container-position-top\"\n\t\t\tstyle=\"display: flex; flex-direction: column; width: calc(33.333% - 25px);\"\n\t\t>\n\t\t\t\n\t\t\t\t\t\t<div\t\t\t\tclass=\"sow-icon-container sow-container-rounded-sticker\"\n\t\t\t\tstyle=\"color: #404040; \"\n\t\t\t\ttitle=\"APOYO INDIVIDUALIZADO\"\n\t\t\t\t\t\t\t>\n\t\t\t\t<span class=\"sow-icon-materialicons sowm-regular\" data-sow-icon=\"&#xe80c\"\n\t\tstyle=\"font-size: 65px; color: #dd9933\" \n\t\taria-hidden=\"true\"><\/span>\t\t\t<\/div>\n\n\t\t\t<div class=\"textwidget\">\n\t\t\t\t\n\t\t\t\t\t\t\t\t\t<h5 class=\"sow-features-feature-title\">\n\t\t\t\t\t\tAPOYO INDIVIDUALIZADO\t\t\t\t\t<\/h5>\n\t\t\t\t\n\t\t\t\t\t\t\t\t\t<div class=\"sow-features-feature-text\">\n\t\t\t\t\tNos aseguramos de que nuestros alumnos lleven las tareas escolares al d\u00eda.\t\t\t\t\t<\/div>\n\t\t\t\t\t\t\t\t<\/div>\n\t\t\t\t\t\t\t\t<\/li>\n\n\t\t\t<li\n\t\t\tclass=\"sow-features-feature sow-icon-container-position-top\"\n\t\t\tstyle=\"display: flex; flex-direction: column; width: calc(33.333% - 25px);\"\n\t\t>\n\t\t\t\n\t\t\t\t\t\t<div\t\t\t\tclass=\"sow-icon-container sow-container-rounded-sticker\"\n\t\t\t\tstyle=\"color: #404040; \"\n\t\t\t\ttitle=\"MEJORA EN LOS H\u00c1BITOS DE ESTUDIO\"\n\t\t\t\t\t\t\t>\n\t\t\t\t<span class=\"sow-icon-materialicons sowm-regular\" data-sow-icon=\"&#xe8e5\"\n\t\tstyle=\"font-size: 65px; color: #dd9933\" \n\t\taria-hidden=\"true\"><\/span>\t\t\t<\/div>\n\n\t\t\t<div class=\"textwidget\">\n\t\t\t\t\n\t\t\t\t\t\t\t\t\t<h5 class=\"sow-features-feature-title\">\n\t\t\t\t\t\tMEJORA EN LOS H\u00c1BITOS DE ESTUDIO\t\t\t\t\t<\/h5>\n\t\t\t\t\n\t\t\t\t\t\t\t\t\t<div class=\"sow-features-feature-text\">\n\t\t\t\t\t<p>No s\u00f3lo ayudamos con la materia, nuestros alumnos aprenden a aprender.<\/p>\n\t\t\t\t\t<\/div>\n\t\t\t\t\t\t\t\t<\/div>\n\t\t\t\t\t\t\t\t<\/li>\n\n\t\t\t<li\n\t\t\tclass=\"sow-features-feature sow-icon-container-position-top\"\n\t\t\tstyle=\"display: flex; flex-direction: column; width: calc(33.333% - 25px);\"\n\t\t>\n\t\t\t\n\t\t\t\t\t\t<div\t\t\t\tclass=\"sow-icon-container sow-container-rounded-sticker\"\n\t\t\t\tstyle=\"color: #404040; \"\n\t\t\t\ttitle=\"TRABAJO EN EQUIPO\"\n\t\t\t\t\t\t\t>\n\t\t\t\t<span class=\"sow-icon-materialicons sowm-regular\" data-sow-icon=\"&#xe7ef\"\n\t\tstyle=\"font-size: 65px; color: #dd9933\" \n\t\taria-hidden=\"true\"><\/span>\t\t\t<\/div>\n\n\t\t\t<div class=\"textwidget\">\n\t\t\t\t\n\t\t\t\t\t\t\t\t\t<h5 class=\"sow-features-feature-title\">\n\t\t\t\t\t\tTRABAJO EN EQUIPO\t\t\t\t\t<\/h5>\n\t\t\t\t\n\t\t\t\t\t\t\t\t\t<div class=\"sow-features-feature-text\">\n\t\t\t\t\t<p>Desarrollan sus competencias aprendiendo a trabajar con sus compa\u00f1eros.<\/p>\n\t\t\t\t\t<\/div>\n\t\t\t\t\t\t\t\t<\/div>\n\t\t\t\t\t\t\t\t<\/li>\n\n\t\t\t<li\n\t\t\tclass=\"sow-features-feature sow-icon-container-position-top\"\n\t\t\tstyle=\"display: flex; flex-direction: column; width: calc(33.333% - 25px);\"\n\t\t>\n\t\t\t\n\t\t\t\t\t\t<div\t\t\t\tclass=\"sow-icon-container sow-container-rounded-sticker\"\n\t\t\t\tstyle=\"color: #404040; \"\n\t\t\t\ttitle=\"MEJORA DE LA ATENCI\u00d3N\"\n\t\t\t\t\t\t\t>\n\t\t\t\t<span class=\"sow-icon-materialicons sowm-regular\" data-sow-icon=\"&#xe023\"\n\t\tstyle=\"font-size: 65px; color: #dd9933\" \n\t\taria-hidden=\"true\"><\/span>\t\t\t<\/div>\n\n\t\t\t<div class=\"textwidget\">\n\t\t\t\t\n\t\t\t\t\t\t\t\t\t<h5 class=\"sow-features-feature-title\">\n\t\t\t\t\t\tMEJORA DE LA ATENCI\u00d3N\t\t\t\t\t<\/h5>\n\t\t\t\t\n\t\t\t\t\t\t\t\t\t<div class=\"sow-features-feature-text\">\n\t\t\t\t\t<p>Incentivamos sus capacidades para fomentar una mayor atenci\u00f3n.<\/p>\n\t\t\t\t\t<\/div>\n\t\t\t\t\t\t\t\t<\/div>\n\t\t\t\t\t\t\t\t<\/li>\n\n\t\t\t<li\n\t\t\tclass=\"sow-features-feature sow-icon-container-position-top\"\n\t\t\tstyle=\"display: flex; flex-direction: column; width: calc(33.333% - 25px);\"\n\t\t>\n\t\t\t\n\t\t\t\t\t\t<div\t\t\t\tclass=\"sow-icon-container sow-container-rounded-sticker\"\n\t\t\t\tstyle=\"color: #404040; \"\n\t\t\t\ttitle=\"METODOLOG\u00cdA ESPEC\u00cdFICA EN TDA, TDAH, TEA\"\n\t\t\t\t\t\t\t>\n\t\t\t\t<span class=\"sow-icon-materialicons sowm-regular\" data-sow-icon=\"&#xf0ec\"\n\t\tstyle=\"font-size: 65px; color: #dd9933\" \n\t\taria-hidden=\"true\"><\/span>\t\t\t<\/div>\n\n\t\t\t<div class=\"textwidget\">\n\t\t\t\t\n\t\t\t\t\t\t\t\t\t<h5 class=\"sow-features-feature-title\">\n\t\t\t\t\t\tMETODOLOG\u00cdA ESPEC\u00cdFICA EN TDA, TDAH, TEA\t\t\t\t\t<\/h5>\n\t\t\t\t\n\t\t\t\t\t\t\t\t\t<div class=\"sow-features-feature-text\">\n\t\t\t\t\t<p>Disponemos de experiencia con alumnos con TDA, TDAH y TEA<\/p>\n\t\t\t\t\t<\/div>\n\t\t\t\t\t\t\t\t<\/div>\n\t\t\t\t\t\t\t\t<\/li>\n\n\t<\/ul>\n<\/div><\/div><\/div><\/div><\/div><\/div><div id=\"pg-52-2\"  class=\"panel-grid panel-has-style\" ><div class=\"siteorigin-panels-stretch panel-row-style panel-row-style-for-52-2\" data-stretch-type=\"full\" ><div id=\"pgc-52-2-0\"  class=\"panel-grid-cell\" ><div id=\"panel-52-2-0-0\" class=\"so-panel widget widget_sow-headline panel-first-child panel-last-child\" data-index=\"3\" ><div\n\t\t\t\n\t\t\tclass=\"so-widget-sow-headline so-widget-sow-headline-default-8aec745596e7-52\"\n\t\t\t\n\t\t><div class=\"sow-headline-container \">\n\t\t\t\t\t\t\t<h1 class=\"sow-headline\">\n\t\t\t\t\t\tPARA <b style=\"color: ORANGE\">QUI\u00c9N <\/b>EST\u00c1 ORIENTADO EL CURSO...\t\t\t\t\t\t<\/h1>\n\t\t\t\t\t\t\t\t\t\t\t\t<h5 class=\"sow-sub-headline\">\n\t\t\t\t\t\tAlumnos de <b style=\"color: ORANGE\">1\u00ba a 4\u00ba de la ESO<\/b>\t\t\t\t\t\t<\/h5>\n\t\t\t\t\t\t<\/div>\n<\/div><\/div><\/div><\/div><\/div><div id=\"pg-52-3\"  class=\"panel-grid panel-has-style\" ><div class=\"siteorigin-panels-stretch panel-row-style panel-row-style-for-52-3\" data-stretch-type=\"full\" ><div id=\"pgc-52-3-0\"  class=\"panel-grid-cell\" ><div id=\"panel-52-3-0-0\" class=\"so-panel widget widget_sow-headline panel-first-child\" data-index=\"4\" ><div class=\"panel-widget-style panel-widget-style-for-52-3-0-0\" ><div\n\t\t\t\n\t\t\tclass=\"so-widget-sow-headline so-widget-sow-headline-default-33b95c7316d2-52 so-widget-fittext-wrapper\"\n\t\t\t data-fit-text-compressor=\"0.85\"\n\t\t><div class=\"sow-headline-container \">\n\t\t\t\t\t\t\t<h2 class=\"sow-headline\">\n\t\t\t\t\t\t<b style=\"color: ORANGE\">C\u00d3MO <\/b>ORGANIZAMOS LAS CLASES ...\t\t\t\t\t\t<\/h2>\n\t\t\t\t\t\t\t\t\t\t\t\t<h5 class=\"sow-sub-headline\">\n\t\t\t\t\t\tEl ritmo de las clases lo marcan los alumnos\t\t\t\t\t\t<\/h5>\n\t\t\t\t\t\t<\/div>\n<\/div><\/div><\/div><div id=\"panel-52-3-0-1\" class=\"so-panel widget widget_sow-editor panel-last-child\" data-index=\"5\" ><div\n\t\t\t\n\t\t\tclass=\"so-widget-sow-editor so-widget-sow-editor-base\"\n\t\t\t\n\t\t>\n<div class=\"siteorigin-widget-tinymce textwidget\">\n\t<h4>En el\u00a0Centro de Estudios <span style=\"color: #ff9900;\">100t\u00edficos<\/span>, bas\u00e1ndonos en la experiencia de nuestros profesores, actualmente s\u00f3lo damos apoyo a las materias m\u00e1s demandas en la etapa de ESO: Matem\u00e1ticas, F\u00edsica y Qu\u00edmica.<\/h4>\n<h4>Proporcionamos\u00a0ayuda continua\u00a0con los deberes de cara a aumentar el h\u00e1bito de estudio y complementamos con clases magistrales para mejorar sus conocimientos<\/h4>\n<h4>Ofrecemos\u00a0diferentes horarios\u00a0para intentar amoldarnos a las circunstancias individuales de nuestros alumnos (Consultar horarios)<\/h4>\n<h4>Trabajamos con\u00a0grupos reducidos, con un m\u00e1ximo de 8 alumnos por clase.<\/h4>\n<h4><span style=\"color: #ff9900;\"><span style=\"color: #333333;\">Los grupos requieren de un m\u00ednimo de<\/span> 4 alumnos <span style=\"color: #000000;\"><span style=\"color: #333333;\">para poder componerse.<\/span> <\/span><\/span><\/h4>\n<h4>Nuestro objetivo principal es que\u00a0nuestros alumnos disfruten aprendiendo.<\/h4>\n<p><span style=\"color: #ff9900;\">\u00a0<\/span><\/p>\n<\/div>\n<\/div><\/div><\/div><\/div><\/div><div id=\"pg-52-4\"  class=\"panel-grid panel-has-style\" ><div class=\"siteorigin-panels-stretch panel-row-style panel-row-style-for-52-4\" data-stretch-type=\"full-width-stretch\" ><div id=\"pgc-52-4-0\"  class=\"panel-grid-cell panel-grid-cell-empty\" ><\/div><div id=\"pgc-52-4-1\"  class=\"panel-grid-cell panel-grid-cell-mobile-last\" ><div id=\"panel-52-4-1-0\" class=\"so-panel widget widget_sow-headline panel-first-child\" data-index=\"6\" ><div\n\t\t\t\n\t\t\tclass=\"so-widget-sow-headline so-widget-sow-headline-default-210a0920fbec-52 so-widget-fittext-wrapper\"\n\t\t\t data-fit-text-compressor=\"0.85\"\n\t\t><div class=\"sow-headline-container \">\n\t\t\t\t\t\t\t<h2 class=\"sow-headline\">\n\t\t\t\t\t\t<b style=\"color: ORANGE\">HORARIOS PROVISIONALES<\/b>\t\t\t\t\t\t<\/h2>\n\t\t\t\t\t\t\t\t\t\t\t\t<h5 class=\"sow-sub-headline\">\n\t\t\t\t\t\tEl siguiente horario es orientativo y est\u00e1 sujeto a la demanda por parte de los alumnos\t\t\t\t\t\t<\/h5>\n\t\t\t\t\t\t<\/div>\n<\/div><\/div><div id=\"panel-52-4-1-1\" class=\"widget_text so-panel widget widget_custom_html panel-last-child\" data-index=\"7\" ><div class=\"textwidget custom-html-widget\"><iframe loading=\"lazy\" src=\"https:\/\/docs.google.com\/spreadsheets\/d\/e\/2PACX-1vThziHAWeNYsuydnt3-5WROgLjSAzBuj2DKKM04tq9H4uIytLaIIhnhIw1PSaw0DlgidW0TjxJzbAoB\/pubhtml?gid=0&amp;single=true&amp;widget=true&amp;headers=false\" scrolling=\"no\" width=\"1100\" height=\"550\"><\/iframe><\/div><\/div><\/div><div id=\"pgc-52-4-2\"  class=\"panel-grid-cell panel-grid-cell-empty\" ><\/div><\/div><\/div><div id=\"pg-52-5\"  class=\"panel-grid panel-has-style\" ><div class=\"siteorigin-panels-stretch panel-row-style panel-row-style-for-52-5\" data-stretch-type=\"full\" ><div id=\"pgc-52-5-0\"  class=\"panel-grid-cell\" ><div id=\"panel-52-5-0-0\" class=\"so-panel widget widget_sow-headline panel-first-child\" data-index=\"8\" ><div\n\t\t\t\n\t\t\tclass=\"so-widget-sow-headline so-widget-sow-headline-default-38f1d0f6eb2c-52\"\n\t\t\t\n\t\t><div class=\"sow-headline-container \">\n\t\t\t\t\t\t\t<h2 class=\"sow-headline\">\n\t\t\t\t\t\t<b style=\"color: ORANGE\">TARIFAS <\/b>PARA ESO\t\t\t\t\t\t<\/h2>\n\t\t\t\t\t\t<\/div>\n<\/div><\/div><div id=\"panel-52-5-0-1\" class=\"so-panel widget widget_sow-editor\" data-index=\"9\" ><div\n\t\t\t\n\t\t\tclass=\"so-widget-sow-editor so-widget-sow-editor-base\"\n\t\t\t\n\t\t>\n<div class=\"siteorigin-widget-tinymce textwidget\">\n\t<h4>Queremos ayudarte a dar a tus hijos e hijas la mejor educaci\u00f3n posible y para ellos hemos creado diversos planes de precios.<\/h4>\n<h4>Los precios ofrecidos son por mes. Las clases tienen una duraci\u00f3n de 50 minutos<\/h4>\n<h4>Los horarios definitivos se publicar\u00e1n una vez evaluadas las preinscripciones.<\/h4>\n<h4>Elige la tarifa que m\u00e1s se ajuste\u00a0 a las necesidades de tus hijos.<\/h4>\n<h4>Tenemos tarifas especiales para hermanos (15% sobre la factura total de la familia)<\/h4>\n<h4><\/h4>\n<\/div>\n<\/div><\/div><div id=\"panel-52-5-0-2\" class=\"so-panel widget widget_sow-price-table panel-last-child\" data-index=\"10\" ><div\n\t\t\t\n\t\t\tclass=\"so-widget-sow-price-table so-widget-sow-price-table-atom-5c18bb3c8ffb-52 so-premium-tooltip-container\"\n\t\t\t data-tooltip-enabled=\"1\" data-tooltip-theme=\"dark\"\n\t\t>\n\n<div class=\"ow-pt-columns-atom sow-equalize-row-heights\">\n\n\t\t\t<div class=\"ow-pt-column ow-pt-first ow-pt-even\"\n\t\t\tstyle=\"width: 25%\">\n\t\t\t<div class=\"ow-pt-title\">\n\t\t\t\t1 CLASE a la Semana\t\t\t\t\t\t\t<\/div>\n\n\t\t\t<div class=\"ow-pt-details\">\n\t\t\t\t<div class=\"ow-pt-price\">\n\t\t\t\t\t63\u20ac\/Mes\t\t\t\t<\/div>\n\t\t\t\t\t\t\t\t<div class=\"ow-pt-per\"><\/div>\n\t\t\t<\/div>\n\n\t\t\t\n\t\t\t<div class=\"ow-pt-features\">\n\t\t\t\t\t\t\t<\/div>\n\n\t\t\t\t\t<\/div>\n\t\t\t\t<div class=\"ow-pt-column ow-pt-featured ow-pt-odd\"\n\t\t\tstyle=\"width: 25%\">\n\t\t\t<div class=\"ow-pt-title\">\n\t\t\t\t2 CLASES a la Semana\t\t\t\t\t\t\t<\/div>\n\n\t\t\t<div class=\"ow-pt-details\">\n\t\t\t\t<div class=\"ow-pt-price\">\n\t\t\t\t\t126\u20ac\/Mes\t\t\t\t<\/div>\n\t\t\t\t\t\t\t\t<div class=\"ow-pt-per\"><\/div>\n\t\t\t<\/div>\n\n\t\t\t\n\t\t\t<div class=\"ow-pt-features\">\n\t\t\t\t\t\t\t<\/div>\n\n\t\t\t\t\t<\/div>\n\t\t\t\t<div class=\"ow-pt-column ow-pt-even\"\n\t\t\tstyle=\"width: 25%\">\n\t\t\t<div class=\"ow-pt-title\">\n\t\t\t\t3 CLASES a la Semana\t\t\t\t\t\t\t<\/div>\n\n\t\t\t<div class=\"ow-pt-details\">\n\t\t\t\t<div class=\"ow-pt-price\">\n\t\t\t\t\t189\u20ac\/Mes\t\t\t\t<\/div>\n\t\t\t\t\t\t\t\t<div class=\"ow-pt-per\"><\/div>\n\t\t\t<\/div>\n\n\t\t\t\n\t\t\t<div class=\"ow-pt-features\">\n\t\t\t\t\t\t\t<\/div>\n\n\t\t\t\t\t<\/div>\n\t\t\t\t<div class=\"ow-pt-column ow-pt-last ow-pt-odd\"\n\t\t\tstyle=\"width: 25%\">\n\t\t\t<div class=\"ow-pt-title\">\n\t\t\t\t4 CLASES a la Semana\t\t\t\t\t\t\t<\/div>\n\n\t\t\t<div class=\"ow-pt-details\">\n\t\t\t\t<div class=\"ow-pt-price\">\n\t\t\t\t\t252\u20ac\/Mes\t\t\t\t<\/div>\n\t\t\t\t\t\t\t\t<div class=\"ow-pt-per\"><\/div>\n\t\t\t<\/div>\n\n\t\t\t\n\t\t\t<div class=\"ow-pt-features\">\n\t\t\t\t\t\t\t<\/div>\n\n\t\t\t\t\t<\/div>\n\t\t<\/div>\n<\/div><\/div><\/div><\/div><\/div><\/div>","protected":false},"excerpt":{"rendered":"<p>REFUERZO ESCOLAR DE ESO QU\u00c9 OFRECEMOS EN EL CURSO &#8230; CLASES GRUPALES Apoyo con los deberes, resoluci\u00f3n de dudas, explicaciones APOYO INDIVIDUALIZADO Nos aseguramos de que nuestros alumnos lleven las tareas escolares al d\u00eda. MEJORA EN LOS H\u00c1BITOS DE ESTUDIO No s\u00f3lo ayudamos con la materia, nuestros alumnos aprenden a aprender. TRABAJO EN EQUIPO Desarrollan [&hellip;]<\/p>\n","protected":false},"author":1,"featured_media":0,"parent":0,"menu_order":0,"comment_status":"closed","ping_status":"closed","template":"","meta":{"_monsterinsights_skip_tracking":false,"_monsterinsights_sitenote_active":false,"_monsterinsights_sitenote_note":"","_monsterinsights_sitenote_category":0,"footnotes":""},"class_list":["post-52","page","type-page","status-publish","hentry","post"],"_links":{"self":[{"href":"https:\/\/web.100tificos.top\/index.php\/wp-json\/wp\/v2\/pages\/52","targetHints":{"allow":["GET"]}}],"collection":[{"href":"https:\/\/web.100tificos.top\/index.php\/wp-json\/wp\/v2\/pages"}],"about":[{"href":"https:\/\/web.100tificos.top\/index.php\/wp-json\/wp\/v2\/types\/page"}],"author":[{"embeddable":true,"href":"https:\/\/web.100tificos.top\/index.php\/wp-json\/wp\/v2\/users\/1"}],"replies":[{"embeddable":true,"href":"https:\/\/web.100tificos.top\/index.php\/wp-json\/wp\/v2\/comments?post=52"}],"version-history":[{"count":80,"href":"https:\/\/web.100tificos.top\/index.php\/wp-json\/wp\/v2\/pages\/52\/revisions"}],"predecessor-version":[{"id":962,"href":"https:\/\/web.100tificos.top\/index.php\/wp-json\/wp\/v2\/pages\/52\/revisions\/962"}],"wp:attachment":[{"href":"https:\/\/web.100tificos.top\/index.php\/wp-json\/wp\/v2\/media?parent=52"}],"curies":[{"name":"wp","href":"https:\/\/api.w.org\/{rel}","templated":true}]}}